{"id":793,"date":"2023-07-15T03:34:09","date_gmt":"2023-07-15T03:34:09","guid":{"rendered":"https:\/\/www.canelofilm.com\/?page_id=793"},"modified":"2023-07-17T22:59:01","modified_gmt":"2023-07-17T22:59:01","slug":"support-our-team","status":"publish","type":"page","link":"https:\/\/www.canelofilm.com\/es\/support-our-team\/","title":{"rendered":"Support our team"},"content":{"rendered":"<div data-elementor-type=\"wp-page\" data-elementor-id=\"793\" class=\"elementor elementor-793\" data-elementor-post-type=\"page\">\n\t\t\t\t<div class=\"elementor-element elementor-element-e01a1b5 e-flex e-con-boxed e-con e-parent\" data-id=\"e01a1b5\" data-element_type=\"container\" data-settings=\"{&quot;background_background&quot;:&quot;classic&quot;,&quot;background_motion_fx_motion_fx_mouse&quot;:&quot;yes&quot;,&quot;background_motion_fx_mouseTrack_effect&quot;:&quot;yes&quot;,&quot;background_motion_fx_mouseTrack_speed&quot;:{&quot;unit&quot;:&quot;px&quot;,&quot;size&quot;:0.3,&quot;sizes&quot;:[]}}\">\n\t\t\t\t\t<div class=\"e-con-inner\">\n\t\t\t\t<div class=\"elementor-element elementor-element-e36f0cb elementor-widget elementor-widget-heading\" data-id=\"e36f0cb\" data-element_type=\"widget\" data-widget_type=\"heading.default\">\n\t\t\t\t<div class=\"elementor-widget-container\">\n\t\t\t<style>\/*! elementor - v3.23.0 - 05-08-2024 *\/\n.elementor-heading-title{padding:0;margin:0;line-height:1}.elementor-widget-heading .elementor-heading-title[class*=elementor-size-]>a{color:inherit;font-size:inherit;line-height:inherit}.elementor-widget-heading .elementor-heading-title.elementor-size-small{font-size:15px}.elementor-widget-heading .elementor-heading-title.elementor-size-medium{font-size:19px}.elementor-widget-heading .elementor-heading-title.elementor-size-large{font-size:29px}.elementor-widget-heading .elementor-heading-title.elementor-size-xl{font-size:39px}.elementor-widget-heading .elementor-heading-title.elementor-size-xxl{font-size:59px}<\/style><h2 class=\"elementor-heading-title elementor-size-default\">Ay\u00fadanos a crear m\u00e1s historias.<\/h2>\t\t<\/div>\n\t\t\t\t<\/div>\n\t\t\t\t<div class=\"elementor-element elementor-element-9fb1993 elementor-hidden-mobile elementor-widget elementor-widget-heading\" data-id=\"9fb1993\" data-element_type=\"widget\" data-widget_type=\"heading.default\">\n\t\t\t\t<div class=\"elementor-widget-container\">\n\t\t\t<h2 class=\"elementor-heading-title elementor-size-default\"><a href=\"https:\/\/www.animagic.io\/\">\u00bfTe inspir\u00f3 Canelo? En Animagic, ponemos nuestro coraz\u00f3n, tiempo y recursos en su creaci\u00f3n. Pero para continuar tejiendo historias como esta, necesitamos tu apoyo. Tu donaci\u00f3n es un sustento que nos permite seguir utilizando nuestros propios recursos para dar vida a m\u00e1s historias inspiradoras.\n<br><br>\nConsidera apoyarnos para seguir creando historias. Toda contribuci\u00f3n, peque\u00f1a o grande es muy valiosa para nosotros.<\/a><\/h2>\t\t<\/div>\n\t\t\t\t<\/div>\n\t\t\t\t<div class=\"elementor-element elementor-element-5cdd39d elementor-hidden-desktop elementor-hidden-tablet elementor-widget elementor-widget-heading\" data-id=\"5cdd39d\" data-element_type=\"widget\" data-widget_type=\"heading.default\">\n\t\t\t\t<div class=\"elementor-widget-container\">\n\t\t\t<h2 class=\"elementor-heading-title elementor-size-default\"><a href=\"https:\/\/www.animagic.io\/\">Moved by Canelo? We at Animagic invest our heart, time, and resources in creating stories like this. But we need your help to continue.\n\nYour donation fuels our ability to create more inspiring stories.\n\nSupport our journey. Every contribution means the world to us.<\/a><\/h2>\t\t<\/div>\n\t\t\t\t<\/div>\n\t\t<div class=\"elementor-element elementor-element-631dbed e-grid e-con-boxed e-con e-child\" data-id=\"631dbed\" data-element_type=\"container\">\n\t\t\t\t\t<div class=\"e-con-inner\">\n\t\t\t\t<div class=\"elementor-element elementor-element-fcea26c elementor-widget elementor-widget-stripe-button\" data-id=\"fcea26c\" data-element_type=\"widget\" data-settings=\"{&quot;stripe_currency&quot;:&quot;USD&quot;,&quot;sandbox_mode&quot;:&quot;no&quot;}\" data-widget_type=\"stripe-button.default\">\n\t\t\t\t<div class=\"elementor-widget-container\">\n\t\t\t<style>\/*! elementor-pro - v3.23.0 - 05-08-2024 *\/\n.elementor-payment-button{border:none}<\/style>\t\t<div class=\"elementor-button-wrapper\">\n\t\t\t\n\t\t<form class=\"elementor-stripe-form\" action=\"\">\n\t\t\t<input type=\"hidden\" name=\"url\" value=\"https:\/\/www.canelofilm.com\/wp-admin\/admin-ajax.php\">\n\t\t\t<input type=\"hidden\" name=\"action\" value=\"submit_stripe_form\"\/>\n\t\t\t<input type=\"hidden\" name=\"widget_id\" value=\"fcea26c\"\/>\n\t\t\t<input type=\"hidden\" name=\"current_url\" value=\"\/index.php\"\/>\n\t\t\t<input type=\"hidden\" name=\"custom_error_msg\" value=\"\" \/>\n\t\t\t<input type=\"hidden\" name=\"custom_error_msg_global\" value=\"\" \/>\n\t\t\t<input type=\"hidden\" name=\"custom_error_msg_payment\" value=\"\" \/>\n\t\t\t<input type=\"hidden\" id=\"stripe_form_submit_nonce\" name=\"stripe_form_submit_nonce\" value=\"6fb0ff5d0b\" \/><input type=\"hidden\" name=\"_wp_http_referer\" value=\"\/es\/wp-json\/wp\/v2\/pages\/793\" \/>\t\t\t<input type=\"hidden\" name=\"open_in_new_window\" value=\"\"\/>\n\t\t\t\t\t<button class=\"elementor-button elementor-size-sm elementor-payment-button\" role=\"button\">\n\t\t\t\t\t<span class=\"elementor-button-content-wrapper\">\n\t\t\t\t\t\t\t\t\t<span class=\"elementor-button-text\">Donar $5 USD <\/span>\n\t\t\t\t\t<\/span>\n\t\t\t\t<\/button>\n\t\t\t\t<input type=\"hidden\" name=\"trp-form-language\" value=\"es\"\/><\/form>\n\t\t\t\t<\/div>\n\t\t\t\t<\/div>\n\t\t\t\t<\/div>\n\t\t\t\t<div class=\"elementor-element elementor-element-6367698 elementor-widget elementor-widget-stripe-button\" data-id=\"6367698\" data-element_type=\"widget\" data-settings=\"{&quot;stripe_currency&quot;:&quot;USD&quot;,&quot;sandbox_mode&quot;:&quot;no&quot;}\" data-widget_type=\"stripe-button.default\">\n\t\t\t\t<div class=\"elementor-widget-container\">\n\t\t\t\t\t<div class=\"elementor-button-wrapper\">\n\t\t\t\n\t\t<form class=\"elementor-stripe-form\" action=\"\">\n\t\t\t<input type=\"hidden\" name=\"url\" value=\"https:\/\/www.canelofilm.com\/wp-admin\/admin-ajax.php\">\n\t\t\t<input type=\"hidden\" name=\"action\" value=\"submit_stripe_form\"\/>\n\t\t\t<input type=\"hidden\" name=\"widget_id\" value=\"6367698\"\/>\n\t\t\t<input type=\"hidden\" name=\"current_url\" value=\"\/index.php\"\/>\n\t\t\t<input type=\"hidden\" name=\"custom_error_msg\" value=\"\" \/>\n\t\t\t<input type=\"hidden\" name=\"custom_error_msg_global\" value=\"\" \/>\n\t\t\t<input type=\"hidden\" name=\"custom_error_msg_payment\" value=\"\" \/>\n\t\t\t<input type=\"hidden\" id=\"stripe_form_submit_nonce\" name=\"stripe_form_submit_nonce\" value=\"6fb0ff5d0b\" \/><input type=\"hidden\" name=\"_wp_http_referer\" value=\"\/es\/wp-json\/wp\/v2\/pages\/793\" \/>\t\t\t<input type=\"hidden\" name=\"open_in_new_window\" value=\"\"\/>\n\t\t\t\t\t<button class=\"elementor-button elementor-size-sm elementor-payment-button\" role=\"button\">\n\t\t\t\t\t<span class=\"elementor-button-content-wrapper\">\n\t\t\t\t\t\t\t\t\t<span class=\"elementor-button-text\">Donar $10 USD <\/span>\n\t\t\t\t\t<\/span>\n\t\t\t\t<\/button>\n\t\t\t\t<input type=\"hidden\" name=\"trp-form-language\" value=\"es\"\/><\/form>\n\t\t\t\t<\/div>\n\t\t\t\t<\/div>\n\t\t\t\t<\/div>\n\t\t\t\t<div class=\"elementor-element elementor-element-103d1b7 elementor-widget elementor-widget-stripe-button\" data-id=\"103d1b7\" data-element_type=\"widget\" data-settings=\"{&quot;stripe_currency&quot;:&quot;USD&quot;,&quot;sandbox_mode&quot;:&quot;no&quot;}\" data-widget_type=\"stripe-button.default\">\n\t\t\t\t<div class=\"elementor-widget-container\">\n\t\t\t\t\t<div class=\"elementor-button-wrapper\">\n\t\t\t\n\t\t<form class=\"elementor-stripe-form\" action=\"\">\n\t\t\t<input type=\"hidden\" name=\"url\" value=\"https:\/\/www.canelofilm.com\/wp-admin\/admin-ajax.php\">\n\t\t\t<input type=\"hidden\" name=\"action\" value=\"submit_stripe_form\"\/>\n\t\t\t<input type=\"hidden\" name=\"widget_id\" value=\"103d1b7\"\/>\n\t\t\t<input type=\"hidden\" name=\"current_url\" value=\"\/index.php\"\/>\n\t\t\t<input type=\"hidden\" name=\"custom_error_msg\" value=\"\" \/>\n\t\t\t<input type=\"hidden\" name=\"custom_error_msg_global\" value=\"\" \/>\n\t\t\t<input type=\"hidden\" name=\"custom_error_msg_payment\" value=\"\" \/>\n\t\t\t<input type=\"hidden\" id=\"stripe_form_submit_nonce\" name=\"stripe_form_submit_nonce\" value=\"6fb0ff5d0b\" \/><input type=\"hidden\" name=\"_wp_http_referer\" value=\"\/es\/wp-json\/wp\/v2\/pages\/793\" \/>\t\t\t<input type=\"hidden\" name=\"open_in_new_window\" value=\"\"\/>\n\t\t\t\t\t<button class=\"elementor-button elementor-size-sm elementor-payment-button\" role=\"button\">\n\t\t\t\t\t<span class=\"elementor-button-content-wrapper\">\n\t\t\t\t\t\t\t\t\t<span class=\"elementor-button-text\">Donar $20 USD <\/span>\n\t\t\t\t\t<\/span>\n\t\t\t\t<\/button>\n\t\t\t\t<input type=\"hidden\" name=\"trp-form-language\" value=\"es\"\/><\/form>\n\t\t\t\t<\/div>\n\t\t\t\t<\/div>\n\t\t\t\t<\/div>\n\t\t\t\t\t<\/div>\n\t\t\t\t<\/div>\n\t\t<div class=\"elementor-element elementor-element-ac94c07 e-flex e-con-boxed e-con e-child\" data-id=\"ac94c07\" data-element_type=\"container\">\n\t\t\t\t\t<div class=\"e-con-inner\">\n\t\t\t\t<div class=\"elementor-element elementor-element-ef249c7 elementor-widget elementor-widget-heading\" data-id=\"ef249c7\" data-element_type=\"widget\" data-widget_type=\"heading.default\">\n\t\t\t\t<div class=\"elementor-widget-container\">\n\t\t\t<h2 class=\"elementor-heading-title elementor-size-default\">Gracias por ser parte de nuestra historia!<\/h2>\t\t<\/div>\n\t\t\t\t<\/div>\n\t\t\t\t<div class=\"elementor-element elementor-element-07d9964 elementor-hidden-mobile elementor-widget elementor-widget-spacer\" data-id=\"07d9964\" data-element_type=\"widget\" data-widget_type=\"spacer.default\">\n\t\t\t\t<div class=\"elementor-widget-container\">\n\t\t\t<style>\/*! elementor - v3.23.0 - 05-08-2024 *\/\n.elementor-column .elementor-spacer-inner{height:var(--spacer-size)}.e-con{--container-widget-width:100%}.e-con-inner>.elementor-widget-spacer,.e-con>.elementor-widget-spacer{width:var(--container-widget-width,var(--spacer-size));--align-self:var(--container-widget-align-self,initial);--flex-shrink:0}.e-con-inner>.elementor-widget-spacer>.elementor-widget-container,.e-con>.elementor-widget-spacer>.elementor-widget-container{height:100%;width:100%}.e-con-inner>.elementor-widget-spacer>.elementor-widget-container>.elementor-spacer,.e-con>.elementor-widget-spacer>.elementor-widget-container>.elementor-spacer{height:100%}.e-con-inner>.elementor-widget-spacer>.elementor-widget-container>.elementor-spacer>.elementor-spacer-inner,.e-con>.elementor-widget-spacer>.elementor-widget-container>.elementor-spacer>.elementor-spacer-inner{height:var(--container-widget-height,var(--spacer-size))}.e-con-inner>.elementor-widget-spacer.elementor-widget-empty,.e-con>.elementor-widget-spacer.elementor-widget-empty{position:relative;min-height:22px;min-width:22px}.e-con-inner>.elementor-widget-spacer.elementor-widget-empty .elementor-widget-empty-icon,.e-con>.elementor-widget-spacer.elementor-widget-empty .elementor-widget-empty-icon{position:absolute;top:0;bottom:0;left:0;right:0;margin:auto;padding:0;width:22px;height:22px}<\/style>\t\t<div class=\"elementor-spacer\">\n\t\t\t<div class=\"elementor-spacer-inner\"><\/div>\n\t\t<\/div>\n\t\t\t\t<\/div>\n\t\t\t\t<\/div>\n\t\t\t\t<div class=\"elementor-element elementor-element-455d6eb elementor-widget elementor-widget-image\" data-id=\"455d6eb\" data-element_type=\"widget\" data-widget_type=\"image.default\">\n\t\t\t\t<div class=\"elementor-widget-container\">\n\t\t\t<style>\/*! elementor - v3.23.0 - 05-08-2024 *\/\n.elementor-widget-image{text-align:center}.elementor-widget-image a{display:inline-block}.elementor-widget-image a img[src$=\".svg\"]{width:48px}.elementor-widget-image img{vertical-align:middle;display:inline-block}<\/style>\t\t\t\t\t\t\t\t\t\t<img decoding=\"async\" width=\"373\" height=\"58\" src=\"https:\/\/www.canelofilm.com\/wp-content\/uploads\/2023\/07\/a-film-by-Animagic_White.svg\" class=\"attachment-large size-large wp-image-113\" alt=\"Animagic Logotype introduction\" \/>\t\t\t\t\t\t\t\t\t\t\t\t\t<\/div>\n\t\t\t\t<\/div>\n\t\t\t\t\t<\/div>\n\t\t\t\t<\/div>\n\t\t\t\t\t<\/div>\n\t\t\t\t<\/div>\n\t\t\t\t<\/div>","protected":false},"excerpt":{"rendered":"<p>Help us craft more inspiring stories Inspired by Canelo? At Animagic, we pour our hearts, time, and resources into crafting it. But to continue weaving stories like this, we need your support. Your donation It&#8217;s a lifeline that empowers us to continue using our own resources to bring more inspiring stories to life. Consider supporting [&hellip;]<\/p>","protected":false},"author":1,"featured_media":879,"parent":0,"menu_order":0,"comment_status":"closed","ping_status":"closed","template":"","meta":{"footnotes":""},"class_list":["post-793","page","type-page","status-publish","has-post-thumbnail","hentry"],"yoast_head":"<!-- This site is optimized with the Yoast SEO plugin v23.2 - https:\/\/yoast.com\/wordpress\/plugins\/seo\/ -->\n<title>Help use create more inspiring stories. Support our team - Canelo Film<\/title>\n<meta name=\"description\" content=\"Animagic team invest our heart, time, and resources in creating stories like Canelo Film. Please consider supporting us by making a donation and help use create more inspiring stories.\" \/>\n<meta name=\"robots\" content=\"index, follow, max-snippet:-1, max-image-preview:large, max-video-preview:-1\" \/>\n<link rel=\"canonical\" href=\"https:\/\/www.canelofilm.com\/es\/support-our-team\/\" \/>\n<meta property=\"og:locale\" content=\"es_ES\" \/>\n<meta property=\"og:type\" content=\"article\" \/>\n<meta property=\"og:title\" content=\"Help use create more inspiring stories. Support our team - Canelo Film\" \/>\n<meta property=\"og:description\" content=\"Animagic team invest our heart, time, and resources in creating stories like Canelo Film. Please consider supporting us by making a donation and help use create more inspiring stories.\" \/>\n<meta property=\"og:url\" content=\"https:\/\/www.canelofilm.com\/es\/support-our-team\/\" \/>\n<meta property=\"og:site_name\" content=\"Canelo Film\" \/>\n<meta property=\"article:publisher\" content=\"https:\/\/www.facebook.com\/AnimagicStudios\" \/>\n<meta property=\"article:modified_time\" content=\"2023-07-17T22:59:01+00:00\" \/>\n<meta property=\"og:image\" content=\"https:\/\/www.canelofilm.com\/wp-content\/uploads\/2023\/07\/Canelo_BG_Image_06-scaled.jpg\" \/>\n\t<meta property=\"og:image:width\" content=\"2560\" \/>\n\t<meta property=\"og:image:height\" content=\"1440\" \/>\n\t<meta property=\"og:image:type\" content=\"image\/jpeg\" \/>\n<meta name=\"twitter:card\" content=\"summary_large_image\" \/>\n<meta name=\"twitter:title\" content=\"Help use create more inspiring stories. Support our team - Canelo Film\" \/>\n<meta name=\"twitter:description\" content=\"Animagic team invest our heart, time, and resources in creating stories like Canelo Film. Please consider supporting us by making a donation and help use create more inspiring stories.\" \/>\n<meta name=\"twitter:image\" content=\"https:\/\/www.canelofilm.com\/wp-content\/uploads\/2023\/07\/Canelo_BG_Image_06-scaled.jpg\" \/>\n<meta name=\"twitter:site\" content=\"@Animagic_Studio\" \/>\n<meta name=\"twitter:label1\" content=\"Tiempo de lectura\" \/>\n\t<meta name=\"twitter:data1\" content=\"1 minuto\" \/>\n<script type=\"application\/ld+json\" class=\"yoast-schema-graph\">{\"@context\":\"https:\/\/schema.org\",\"@graph\":[{\"@type\":\"WebPage\",\"@id\":\"https:\/\/www.canelofilm.com\/support-our-team\/\",\"url\":\"https:\/\/www.canelofilm.com\/support-our-team\/\",\"name\":\"Help use create more inspiring stories. Support our team - Canelo Film\",\"isPartOf\":{\"@id\":\"https:\/\/www.canelofilm.com\/#website\"},\"primaryImageOfPage\":{\"@id\":\"https:\/\/www.canelofilm.com\/support-our-team\/#primaryimage\"},\"image\":{\"@id\":\"https:\/\/www.canelofilm.com\/support-our-team\/#primaryimage\"},\"thumbnailUrl\":\"https:\/\/www.canelofilm.com\/wp-content\/uploads\/2023\/07\/Canelo_BG_Image_06-scaled.jpg\",\"datePublished\":\"2023-07-15T03:34:09+00:00\",\"dateModified\":\"2023-07-17T22:59:01+00:00\",\"description\":\"Animagic team invest our heart, time, and resources in creating stories like Canelo Film. Please consider supporting us by making a donation and help use create more inspiring stories.\",\"breadcrumb\":{\"@id\":\"https:\/\/www.canelofilm.com\/support-our-team\/#breadcrumb\"},\"inLanguage\":\"es\",\"potentialAction\":[{\"@type\":\"ReadAction\",\"target\":[\"https:\/\/www.canelofilm.com\/support-our-team\/\"]}]},{\"@type\":\"ImageObject\",\"inLanguage\":\"es\",\"@id\":\"https:\/\/www.canelofilm.com\/support-our-team\/#primaryimage\",\"url\":\"https:\/\/www.canelofilm.com\/wp-content\/uploads\/2023\/07\/Canelo_BG_Image_06-scaled.jpg\",\"contentUrl\":\"https:\/\/www.canelofilm.com\/wp-content\/uploads\/2023\/07\/Canelo_BG_Image_06-scaled.jpg\",\"width\":2560,\"height\":1440},{\"@type\":\"BreadcrumbList\",\"@id\":\"https:\/\/www.canelofilm.com\/support-our-team\/#breadcrumb\",\"itemListElement\":[{\"@type\":\"ListItem\",\"position\":1,\"name\":\"Home\",\"item\":\"https:\/\/www.canelofilm.com\/\"},{\"@type\":\"ListItem\",\"position\":2,\"name\":\"Support our team\"}]},{\"@type\":\"WebSite\",\"@id\":\"https:\/\/www.canelofilm.com\/#website\",\"url\":\"https:\/\/www.canelofilm.com\/\",\"name\":\"Canelo Film\",\"description\":\"Loyalty and friendship beyond bounds\",\"publisher\":{\"@id\":\"https:\/\/www.canelofilm.com\/#organization\"},\"potentialAction\":[{\"@type\":\"SearchAction\",\"target\":{\"@type\":\"EntryPoint\",\"urlTemplate\":\"https:\/\/www.canelofilm.com\/?s={search_term_string}\"},\"query-input\":\"required name=search_term_string\"}],\"inLanguage\":\"es\"},{\"@type\":\"Organization\",\"@id\":\"https:\/\/www.canelofilm.com\/#organization\",\"name\":\"Animagic Studios\",\"url\":\"https:\/\/www.canelofilm.com\/\",\"logo\":{\"@type\":\"ImageObject\",\"inLanguage\":\"es\",\"@id\":\"https:\/\/www.canelofilm.com\/#\/schema\/logo\/image\/\",\"url\":\"https:\/\/www.canelofilm.com\/wp-content\/uploads\/2023\/07\/Animagic_Logo_Black.svg\",\"contentUrl\":\"https:\/\/www.canelofilm.com\/wp-content\/uploads\/2023\/07\/Animagic_Logo_Black.svg\",\"width\":268,\"height\":58,\"caption\":\"Animagic Studios\"},\"image\":{\"@id\":\"https:\/\/www.canelofilm.com\/#\/schema\/logo\/image\/\"},\"sameAs\":[\"https:\/\/www.facebook.com\/AnimagicStudios\",\"https:\/\/x.com\/Animagic_Studio\",\"https:\/\/www.instagram.com\/animagicstudios\/\",\"https:\/\/www.linkedin.com\/company\/animagicstudios\/\"]}]}<\/script>\n<!-- \/ Yoast SEO plugin. -->","yoast_head_json":{"title":"Help use create more inspiring stories. Support our team - Canelo Film","description":"Animagic team invest our heart, time, and resources in creating stories like Canelo Film. Please consider supporting us by making a donation and help use create more inspiring stories.","robots":{"index":"index","follow":"follow","max-snippet":"max-snippet:-1","max-image-preview":"max-image-preview:large","max-video-preview":"max-video-preview:-1"},"canonical":"https:\/\/www.canelofilm.com\/es\/support-our-team\/","og_locale":"es_ES","og_type":"article","og_title":"Help use create more inspiring stories. Support our team - Canelo Film","og_description":"Animagic team invest our heart, time, and resources in creating stories like Canelo Film. Please consider supporting us by making a donation and help use create more inspiring stories.","og_url":"https:\/\/www.canelofilm.com\/es\/support-our-team\/","og_site_name":"Canelo Film","article_publisher":"https:\/\/www.facebook.com\/AnimagicStudios","article_modified_time":"2023-07-17T22:59:01+00:00","og_image":[{"width":2560,"height":1440,"url":"https:\/\/www.canelofilm.com\/wp-content\/uploads\/2023\/07\/Canelo_BG_Image_06-scaled.jpg","type":"image\/jpeg"}],"twitter_card":"summary_large_image","twitter_title":"Help use create more inspiring stories. Support our team - Canelo Film","twitter_description":"Animagic team invest our heart, time, and resources in creating stories like Canelo Film. Please consider supporting us by making a donation and help use create more inspiring stories.","twitter_image":"https:\/\/www.canelofilm.com\/wp-content\/uploads\/2023\/07\/Canelo_BG_Image_06-scaled.jpg","twitter_site":"@Animagic_Studio","twitter_misc":{"Tiempo de lectura":"1 minuto"},"schema":{"@context":"https:\/\/schema.org","@graph":[{"@type":"WebPage","@id":"https:\/\/www.canelofilm.com\/support-our-team\/","url":"https:\/\/www.canelofilm.com\/support-our-team\/","name":"Help use create more inspiring stories. Support our team - Canelo Film","isPartOf":{"@id":"https:\/\/www.canelofilm.com\/#website"},"primaryImageOfPage":{"@id":"https:\/\/www.canelofilm.com\/support-our-team\/#primaryimage"},"image":{"@id":"https:\/\/www.canelofilm.com\/support-our-team\/#primaryimage"},"thumbnailUrl":"https:\/\/www.canelofilm.com\/wp-content\/uploads\/2023\/07\/Canelo_BG_Image_06-scaled.jpg","datePublished":"2023-07-15T03:34:09+00:00","dateModified":"2023-07-17T22:59:01+00:00","description":"Animagic team invest our heart, time, and resources in creating stories like Canelo Film. Please consider supporting us by making a donation and help use create more inspiring stories.","breadcrumb":{"@id":"https:\/\/www.canelofilm.com\/support-our-team\/#breadcrumb"},"inLanguage":"es","potentialAction":[{"@type":"ReadAction","target":["https:\/\/www.canelofilm.com\/support-our-team\/"]}]},{"@type":"ImageObject","inLanguage":"es","@id":"https:\/\/www.canelofilm.com\/support-our-team\/#primaryimage","url":"https:\/\/www.canelofilm.com\/wp-content\/uploads\/2023\/07\/Canelo_BG_Image_06-scaled.jpg","contentUrl":"https:\/\/www.canelofilm.com\/wp-content\/uploads\/2023\/07\/Canelo_BG_Image_06-scaled.jpg","width":2560,"height":1440},{"@type":"BreadcrumbList","@id":"https:\/\/www.canelofilm.com\/support-our-team\/#breadcrumb","itemListElement":[{"@type":"ListItem","position":1,"name":"Home","item":"https:\/\/www.canelofilm.com\/"},{"@type":"ListItem","position":2,"name":"Support our team"}]},{"@type":"WebSite","@id":"https:\/\/www.canelofilm.com\/#website","url":"https:\/\/www.canelofilm.com\/","name":"Canelo Film","description":"Loyalty and friendship beyond bounds","publisher":{"@id":"https:\/\/www.canelofilm.com\/#organization"},"potentialAction":[{"@type":"SearchAction","target":{"@type":"EntryPoint","urlTemplate":"https:\/\/www.canelofilm.com\/?s={search_term_string}"},"query-input":"required name=search_term_string"}],"inLanguage":"es"},{"@type":"Organization","@id":"https:\/\/www.canelofilm.com\/#organization","name":"Animagic Studios","url":"https:\/\/www.canelofilm.com\/","logo":{"@type":"ImageObject","inLanguage":"es","@id":"https:\/\/www.canelofilm.com\/#\/schema\/logo\/image\/","url":"https:\/\/www.canelofilm.com\/wp-content\/uploads\/2023\/07\/Animagic_Logo_Black.svg","contentUrl":"https:\/\/www.canelofilm.com\/wp-content\/uploads\/2023\/07\/Animagic_Logo_Black.svg","width":268,"height":58,"caption":"Animagic Studios"},"image":{"@id":"https:\/\/www.canelofilm.com\/#\/schema\/logo\/image\/"},"sameAs":["https:\/\/www.facebook.com\/AnimagicStudios","https:\/\/x.com\/Animagic_Studio","https:\/\/www.instagram.com\/animagicstudios\/","https:\/\/www.linkedin.com\/company\/animagicstudios\/"]}]}},"_links":{"self":[{"href":"https:\/\/www.canelofilm.com\/es\/wp-json\/wp\/v2\/pages\/793","targetHints":{"allow":["GET"]}}],"collection":[{"href":"https:\/\/www.canelofilm.com\/es\/wp-json\/wp\/v2\/pages"}],"about":[{"href":"https:\/\/www.canelofilm.com\/es\/wp-json\/wp\/v2\/types\/page"}],"author":[{"embeddable":true,"href":"https:\/\/www.canelofilm.com\/es\/wp-json\/wp\/v2\/users\/1"}],"replies":[{"embeddable":true,"href":"https:\/\/www.canelofilm.com\/es\/wp-json\/wp\/v2\/comments?post=793"}],"version-history":[{"count":9,"href":"https:\/\/www.canelofilm.com\/es\/wp-json\/wp\/v2\/pages\/793\/revisions"}],"predecessor-version":[{"id":1453,"href":"https:\/\/www.canelofilm.com\/es\/wp-json\/wp\/v2\/pages\/793\/revisions\/1453"}],"wp:featuredmedia":[{"embeddable":true,"href":"https:\/\/www.canelofilm.com\/es\/wp-json\/wp\/v2\/media\/879"}],"wp:attachment":[{"href":"https:\/\/www.canelofilm.com\/es\/wp-json\/wp\/v2\/media?parent=793"}],"curies":[{"name":"wp","href":"https:\/\/api.w.org\/{rel}","templated":true}]}}